{"id":10165,"date":"2026-03-10T12:55:33","date_gmt":"2026-03-10T04:55:33","guid":{"rendered":"https:\/\/www.arthkexpo.com\/?page_id=10165"},"modified":"2026-04-13T18:33:48","modified_gmt":"2026-04-13T10:33:48","slug":"china-africa","status":"publish","type":"page","link":"https:\/\/www.arthkexpo.com\/en\/info\/act\/china-africa\/","title":{"rendered":"Silk Road Harmony\u30fbChina-Africa Ethnic Carnival"},"content":{"rendered":"<p align=\"right\"><a class=\"wp-block-button__link has-white-color has-text-color has-background has-link-color wp-element-button\" href=\"\/en\/act\/\">BACK >><\/a><\/p>\n<p>\u3000\u3000This event is held concurrently with the Art Hong Kong Expo, creating a synergistic cultural momentum. Through a triad model of \u201cExhibition + Experience + Exchange,\u201d it offers a comprehensive exploration of Africa\u2019s rich artistic landscape. The event aims to build an immersive platform for China\u2013Africa cultural exchange, deepen bilateral economic cooperation, and foster mutual benefit \u2014 ushering in a new chapter for China\u2013Africa cultural and trade relations.<br \/>\n\u3000<\/p>\n<table width=\"100%\" style=\"border: solid;\">\n<tr>\n<td style=\"border: solid #3333;\" align=\"right\" bgcolor=\"#ffdaa4\" width=\"23%\"><strong>Date\uff1a<\/strong><\/td>\n<td style=\"border: solid #3333; padding-left: 5px;\">May 15\u201318, 2026<\/td>\n<\/tr>\n<tr>\n<td style=\"border: solid #3333;\" align=\"right\" bgcolor=\"#ffdaa4\"><strong>Venue\uff1a<\/strong><\/td>\n<td style=\"border: solid #3333; padding-left: 5px;\">AsiaWorld-Expo, Hong Kong<\/td>\n<\/tr>\n<tr>\n<td style=\"border: solid #3333;\" align=\"right\" bgcolor=\"#ffdaa4\"><strong>Organizer\uff1a<\/strong><\/td>\n<td style=\"border: solid #3333; padding-left: 5px;\">African General Chamber of Commerce (Greater China)<\/td>\n<\/tr>\n<tr>\n<td style=\"border: solid #3333;\" align=\"right\" bgcolor=\"#ffdaa4\"><strong>Co-organizer\uff1a<\/strong><\/td>\n<td style=\"border: solid #3333; padding-left: 5px;\">Art Valley Limited<\/td>\n<\/tr>\n<tr>\n<td style=\"border: solid #3333;\" align=\"right\" bgcolor=\"#ffdaa4\"><strong>Participate\uff1a<\/strong><\/td>\n<td style=\"border: solid #3333; padding-left: 5px;\"><a style=\"color: red; font-weight: 900;\" href=\"\/en\/info\/act\/china-africa\/online-form\/\">Online application >><\/a><\/td>\n<\/tr>\n<\/table>\n<div class=\"su-row\">\n<div class=\"su-column su-column-size-1-1\"><div class=\"su-column-inner su-u-clearfix su-u-trim\">\n<a href=\"\/wp-content\/uploads\/2026\/04\/China-Africa-FP.jpg\" target=\"_blank\"><img decoding=\"async\" src=\"\/wp-content\/uploads\/2026\/04\/China-Africa-FP.jpg\"><\/a><\/div><\/div>\n<\/div>\n\u3000<\/p>\n<h3 style=\"border-left: 10px solid #ff6900; padding-left: 10px; color: #000;\">54 African Countries Introduction<\/h3>\n<div class=\"su-row\">\n<div class=\"su-column su-column-size-1-2\"><div class=\"su-column-inner su-u-clearfix su-u-trim\">\n<span style=\"font-size: 12px;\">\n\n<ul class=\"su-posts su-posts-list-loop \">\n\n\t\t\t\t\t\t\n\t\t\t\n\t\t\t<li id=\"su-post-9722\" class=\"su-post \">\n\t\t\t\t<a href=\"https:\/\/www.arthkexpo.com\/en\/algeria\/\">ALGERIA<\/a>\n\t\t\t<\/li>\n\n\t\t\t\t\t\n\t\t\t\n\t\t\t<li id=\"su-post-9736\" class=\"su-post \">\n\t\t\t\t<a href=\"https:\/\/www.arthkexpo.com\/en\/angola\/\">ANGOLA<\/a>\n\t\t\t<\/li>\n\n\t\t\t\t\t\n\t\t\t\n\t\t\t<li id=\"su-post-9744\" class=\"su-post \">\n\t\t\t\t<a href=\"https:\/\/www.arthkexpo.com\/en\/benin\/\">BENIN<\/a>\n\t\t\t<\/li>\n\n\t\t\t\t\t\n\t\t\t\n\t\t\t<li id=\"su-post-9755\" class=\"su-post \">\n\t\t\t\t<a href=\"https:\/\/www.arthkexpo.com\/en\/botswana\/\">BOTSWANA<\/a>\n\t\t\t<\/li>\n\n\t\t\t\t\t\n\t\t\t\n\t\t\t<li id=\"su-post-9761\" class=\"su-post \">\n\t\t\t\t<a href=\"https:\/\/www.arthkexpo.com\/en\/burkina-faso\/\">BURKINA FASO<\/a>\n\t\t\t<\/li>\n\n\t\t\t\t\t\n\t\t\t\n\t\t\t<li id=\"su-post-9768\" class=\"su-post \">\n\t\t\t\t<a href=\"https:\/\/www.arthkexpo.com\/en\/burundi\/\">BURUNDI<\/a>\n\t\t\t<\/li>\n\n\t\t\t\t\t\n\t\t\t\n\t\t\t<li id=\"su-post-9774\" class=\"su-post \">\n\t\t\t\t<a href=\"https:\/\/www.arthkexpo.com\/en\/cabo-verde\/\">CABO VERDE<\/a>\n\t\t\t<\/li>\n\n\t\t\t\t\t\n\t\t\t\n\t\t\t<li id=\"su-post-9782\" class=\"su-post \">\n\t\t\t\t<a href=\"https:\/\/www.arthkexpo.com\/en\/cameroon\/\">CAMEROON<\/a>\n\t\t\t<\/li>\n\n\t\t\t\t\t\n\t\t\t\n\t\t\t<li id=\"su-post-9790\" class=\"su-post \">\n\t\t\t\t<a href=\"https:\/\/www.arthkexpo.com\/en\/central-african-republic\/\">CENTRAL AFRICAN REPUBLIC<\/a>\n\t\t\t<\/li>\n\n\t\t\t\t\t\n\t\t\t\n\t\t\t<li id=\"su-post-9800\" class=\"su-post \">\n\t\t\t\t<a href=\"https:\/\/www.arthkexpo.com\/en\/chad\/\">CHAD<\/a>\n\t\t\t<\/li>\n\n\t\t\t\t\t\n\t\t\t\n\t\t\t<li id=\"su-post-9807\" class=\"su-post \">\n\t\t\t\t<a href=\"https:\/\/www.arthkexpo.com\/en\/comoros\/\">COMOROS<\/a>\n\t\t\t<\/li>\n\n\t\t\t\t\t\n\t\t\t\n\t\t\t<li id=\"su-post-9815\" class=\"su-post \">\n\t\t\t\t<a href=\"https:\/\/www.arthkexpo.com\/en\/congo-dr\/\">DEMOCRATIC REPUBLIC OF THE CONGO<\/a>\n\t\t\t<\/li>\n\n\t\t\t\t\t\n\t\t\t\n\t\t\t<li id=\"su-post-9828\" class=\"su-post \">\n\t\t\t\t<a href=\"https:\/\/www.arthkexpo.com\/en\/congo-re\/\">REPUBLIC OF THE CONGO<\/a>\n\t\t\t<\/li>\n\n\t\t\t\t\t\n\t\t\t\n\t\t\t<li id=\"su-post-9835\" class=\"su-post \">\n\t\t\t\t<a href=\"https:\/\/www.arthkexpo.com\/en\/cote-divoire\/\">C\u00d4TE D\u2019IVOIRE<\/a>\n\t\t\t<\/li>\n\n\t\t\t\t\t\n\t\t\t\n\t\t\t<li id=\"su-post-9842\" class=\"su-post \">\n\t\t\t\t<a href=\"https:\/\/www.arthkexpo.com\/en\/djibouti\/\">DJIBOUTI<\/a>\n\t\t\t<\/li>\n\n\t\t\t\t\t\n\t\t\t\n\t\t\t<li id=\"su-post-9849\" class=\"su-post \">\n\t\t\t\t<a href=\"https:\/\/www.arthkexpo.com\/en\/egypt\/\">EGYPT<\/a>\n\t\t\t<\/li>\n\n\t\t\t\t\t\n\t\t\t\n\t\t\t<li id=\"su-post-9855\" class=\"su-post \">\n\t\t\t\t<a href=\"https:\/\/www.arthkexpo.com\/en\/equatorial-guinea\/\">EQUATORIAL GUINEA<\/a>\n\t\t\t<\/li>\n\n\t\t\t\t\t\n\t\t\t\n\t\t\t<li id=\"su-post-9869\" class=\"su-post \">\n\t\t\t\t<a href=\"https:\/\/www.arthkexpo.com\/en\/eritrea\/\">ERITREA<\/a>\n\t\t\t<\/li>\n\n\t\t\t\t\t\n\t\t\t\n\t\t\t<li id=\"su-post-9875\" class=\"su-post \">\n\t\t\t\t<a href=\"https:\/\/www.arthkexpo.com\/en\/eswatini\/\">ESWATINI<\/a>\n\t\t\t<\/li>\n\n\t\t\t\t\t\n\t\t\t\n\t\t\t<li id=\"su-post-9882\" class=\"su-post \">\n\t\t\t\t<a href=\"https:\/\/www.arthkexpo.com\/en\/ethiopia\/\">ETHIOPIA<\/a>\n\t\t\t<\/li>\n\n\t\t\t\t\t\n\t\t\t\n\t\t\t<li id=\"su-post-9889\" class=\"su-post \">\n\t\t\t\t<a href=\"https:\/\/www.arthkexpo.com\/en\/gabon\/\">GABON<\/a>\n\t\t\t<\/li>\n\n\t\t\t\t\t\n\t\t\t\n\t\t\t<li id=\"su-post-9896\" class=\"su-post \">\n\t\t\t\t<a href=\"https:\/\/www.arthkexpo.com\/en\/gambia\/\">THE GAMBIA<\/a>\n\t\t\t<\/li>\n\n\t\t\t\t\t\n\t\t\t\n\t\t\t<li id=\"su-post-9903\" class=\"su-post \">\n\t\t\t\t<a href=\"https:\/\/www.arthkexpo.com\/en\/ghana\/\">GHANA<\/a>\n\t\t\t<\/li>\n\n\t\t\t\t\t\n\t\t\t\n\t\t\t<li id=\"su-post-9909\" class=\"su-post \">\n\t\t\t\t<a href=\"https:\/\/www.arthkexpo.com\/en\/guinea\/\">GUINEA<\/a>\n\t\t\t<\/li>\n\n\t\t\t\t\t\n\t\t\t\n\t\t\t<li id=\"su-post-9920\" class=\"su-post \">\n\t\t\t\t<a href=\"https:\/\/www.arthkexpo.com\/en\/guinea-bissau\/\">GUINEA-BISSAU<\/a>\n\t\t\t<\/li>\n\n\t\t\t\t\t\n\t\t\t\n\t\t\t<li id=\"su-post-9927\" class=\"su-post \">\n\t\t\t\t<a href=\"https:\/\/www.arthkexpo.com\/en\/kenya\/\">KENYA<\/a>\n\t\t\t<\/li>\n\n\t\t\t\t\t\n\t\t\t\n\t\t\t<li id=\"su-post-9934\" class=\"su-post \">\n\t\t\t\t<a href=\"https:\/\/www.arthkexpo.com\/en\/lesotho\/\">LESOTHO<\/a>\n\t\t\t<\/li>\n\n\t\t\t\n<\/ul>\n<\/span><\/div><\/div>\n<div class=\"su-column su-column-size-1-2\"><div class=\"su-column-inner su-u-clearfix su-u-trim\">\n<span style=\"font-size: 14px;\">\n\n<ul class=\"su-posts su-posts-list-loop \">\n\n\t\t\t\t\t\t\n\t\t\t\n\t\t\t<li id=\"su-post-9943\" class=\"su-post \">\n\t\t\t\t<a href=\"https:\/\/www.arthkexpo.com\/en\/liberia\/\">LIBERIA<\/a>\n\t\t\t<\/li>\n\n\t\t\t\t\t\n\t\t\t\n\t\t\t<li id=\"su-post-9950\" class=\"su-post \">\n\t\t\t\t<a href=\"https:\/\/www.arthkexpo.com\/en\/libya\/\">LIBYA<\/a>\n\t\t\t<\/li>\n\n\t\t\t\t\t\n\t\t\t\n\t\t\t<li id=\"su-post-9957\" class=\"su-post \">\n\t\t\t\t<a href=\"https:\/\/www.arthkexpo.com\/en\/madagascar\/\">MADAGASCAR<\/a>\n\t\t\t<\/li>\n\n\t\t\t\t\t\n\t\t\t\n\t\t\t<li id=\"su-post-9964\" class=\"su-post \">\n\t\t\t\t<a href=\"https:\/\/www.arthkexpo.com\/en\/malawi\/\">MALAWI<\/a>\n\t\t\t<\/li>\n\n\t\t\t\t\t\n\t\t\t\n\t\t\t<li id=\"su-post-9971\" class=\"su-post \">\n\t\t\t\t<a href=\"https:\/\/www.arthkexpo.com\/en\/mali\/\">MALI<\/a>\n\t\t\t<\/li>\n\n\t\t\t\t\t\n\t\t\t\n\t\t\t<li id=\"su-post-9978\" class=\"su-post \">\n\t\t\t\t<a href=\"https:\/\/www.arthkexpo.com\/en\/mauritania\/\">MAURITANIA<\/a>\n\t\t\t<\/li>\n\n\t\t\t\t\t\n\t\t\t\n\t\t\t<li id=\"su-post-9987\" class=\"su-post \">\n\t\t\t\t<a href=\"https:\/\/www.arthkexpo.com\/en\/mauritius\/\">MAURITIUS<\/a>\n\t\t\t<\/li>\n\n\t\t\t\t\t\n\t\t\t\n\t\t\t<li id=\"su-post-9994\" class=\"su-post \">\n\t\t\t\t<a href=\"https:\/\/www.arthkexpo.com\/en\/morocco\/\">MOROCCO<\/a>\n\t\t\t<\/li>\n\n\t\t\t\t\t\n\t\t\t\n\t\t\t<li id=\"su-post-10000\" class=\"su-post \">\n\t\t\t\t<a href=\"https:\/\/www.arthkexpo.com\/en\/mozambique\/\">MOZAMBIQUE<\/a>\n\t\t\t<\/li>\n\n\t\t\t\t\t\n\t\t\t\n\t\t\t<li id=\"su-post-10006\" class=\"su-post \">\n\t\t\t\t<a href=\"https:\/\/www.arthkexpo.com\/en\/namibia\/\">NAMIBIA<\/a>\n\t\t\t<\/li>\n\n\t\t\t\t\t\n\t\t\t\n\t\t\t<li id=\"su-post-10013\" class=\"su-post \">\n\t\t\t\t<a href=\"https:\/\/www.arthkexpo.com\/en\/niger\/\">NIGER<\/a>\n\t\t\t<\/li>\n\n\t\t\t\t\t\n\t\t\t\n\t\t\t<li id=\"su-post-10022\" class=\"su-post \">\n\t\t\t\t<a href=\"https:\/\/www.arthkexpo.com\/en\/nigeria\/\">NIGERIA<\/a>\n\t\t\t<\/li>\n\n\t\t\t\t\t\n\t\t\t\n\t\t\t<li id=\"su-post-10030\" class=\"su-post \">\n\t\t\t\t<a href=\"https:\/\/www.arthkexpo.com\/en\/rwanda\/\">RWANDA<\/a>\n\t\t\t<\/li>\n\n\t\t\t\t\t\n\t\t\t\n\t\t\t<li id=\"su-post-10038\" class=\"su-post \">\n\t\t\t\t<a href=\"https:\/\/www.arthkexpo.com\/en\/sao-tome-and-principe\/\">S\u00e3o Tom\u00e9 and Pr\u00edncipe<\/a>\n\t\t\t<\/li>\n\n\t\t\t\t\t\n\t\t\t\n\t\t\t<li id=\"su-post-10045\" class=\"su-post \">\n\t\t\t\t<a href=\"https:\/\/www.arthkexpo.com\/en\/senegal\/\">SENEGAL<\/a>\n\t\t\t<\/li>\n\n\t\t\t\t\t\n\t\t\t\n\t\t\t<li id=\"su-post-10052\" class=\"su-post \">\n\t\t\t\t<a href=\"https:\/\/www.arthkexpo.com\/en\/seychelles\/\">SEYCHELLES<\/a>\n\t\t\t<\/li>\n\n\t\t\t\t\t\n\t\t\t\n\t\t\t<li id=\"su-post-10059\" class=\"su-post \">\n\t\t\t\t<a href=\"https:\/\/www.arthkexpo.com\/en\/sierra-leone\/\">SIERRA LEONE<\/a>\n\t\t\t<\/li>\n\n\t\t\t\t\t\n\t\t\t\n\t\t\t<li id=\"su-post-10067\" class=\"su-post \">\n\t\t\t\t<a href=\"https:\/\/www.arthkexpo.com\/en\/somalia\/\">SOMALIA<\/a>\n\t\t\t<\/li>\n\n\t\t\t\t\t\n\t\t\t\n\t\t\t<li id=\"su-post-10077\" class=\"su-post \">\n\t\t\t\t<a href=\"https:\/\/www.arthkexpo.com\/en\/south-africa\/\">SOUTH AFRICA<\/a>\n\t\t\t<\/li>\n\n\t\t\t\t\t\n\t\t\t\n\t\t\t<li id=\"su-post-10084\" class=\"su-post \">\n\t\t\t\t<a href=\"https:\/\/www.arthkexpo.com\/en\/south-sudan\/\">SOUTH SUDAN<\/a>\n\t\t\t<\/li>\n\n\t\t\t\t\t\n\t\t\t\n\t\t\t<li id=\"su-post-10091\" class=\"su-post \">\n\t\t\t\t<a href=\"https:\/\/www.arthkexpo.com\/en\/sudan\/\">SUDAN<\/a>\n\t\t\t<\/li>\n\n\t\t\t\t\t\n\t\t\t\n\t\t\t<li id=\"su-post-10099\" class=\"su-post \">\n\t\t\t\t<a href=\"https:\/\/www.arthkexpo.com\/en\/tanzania\/\">TANZANIA<\/a>\n\t\t\t<\/li>\n\n\t\t\t\t\t\n\t\t\t\n\t\t\t<li id=\"su-post-10106\" class=\"su-post \">\n\t\t\t\t<a href=\"https:\/\/www.arthkexpo.com\/en\/togo\/\">TOGO<\/a>\n\t\t\t<\/li>\n\n\t\t\t\t\t\n\t\t\t\n\t\t\t<li id=\"su-post-10113\" class=\"su-post \">\n\t\t\t\t<a href=\"https:\/\/www.arthkexpo.com\/en\/tunisia\/\">TUNISIA<\/a>\n\t\t\t<\/li>\n\n\t\t\t\t\t\n\t\t\t\n\t\t\t<li id=\"su-post-10121\" class=\"su-post \">\n\t\t\t\t<a href=\"https:\/\/www.arthkexpo.com\/en\/uganda\/\">UGANDA<\/a>\n\t\t\t<\/li>\n\n\t\t\t\t\t\n\t\t\t\n\t\t\t<li id=\"su-post-10128\" class=\"su-post \">\n\t\t\t\t<a href=\"https:\/\/www.arthkexpo.com\/en\/zambia\/\">ZAMBIA<\/a>\n\t\t\t<\/li>\n\n\t\t\t\t\t\n\t\t\t\n\t\t\t<li id=\"su-post-10136\" class=\"su-post \">\n\t\t\t\t<a href=\"https:\/\/www.arthkexpo.com\/en\/zimbabwe\/\">ZIMBABWE<\/a>\n\t\t\t<\/li>\n\n\t\t\t\n<\/ul>\n<\/span><br \/>\n<\/div><\/div>\n<\/div>\n\u3000<\/p>\n<h3 style=\"border-left: 10px solid #ff6900; padding-left: 10px; color: #000;\">Cultural Exhibition Zone<\/h3>\n<p>All 54 African countries will feature dedicated exhibition units, each showcasing the nation\u2019s unique cultural identity and artistic heritage. Visitors will gain an in-depth appreciation of the continent\u2019s vibrant and diverse artistic traditions.<br \/>\n\u3000<br \/>\n\u3000<\/p>\n<h3 style=\"border-left: 10px solid #ff6900; padding-left: 10px; color: #000;\">Exhibit Categories:<\/h3>\n<ul>\n<li>Traditional crafts and intangible cultural heritage pieces<\/li>\n<li>Cultural-themed creative products *<\/li>\n<li>Paintings and photography works<\/li>\n<li>Handmade specialty items<\/li>\n<\/ul>\n<p><span style=\"color: #ff8600; font-size: 12px;\">* Creative products include West African wax-printed textiles, culturally inspired design items, Maasai woven shawls, and more.<\/span><br \/>\n\u3000<br \/>\n\u3000<\/p>\n<h3 style=\"border-left: 10px solid #ff6900; padding-left: 10px; color: #000;\">Interactive Experience Zone<\/h3>\n<p><span style=\"color: #5c2905; font-size: 18px;\"><strong>1\uff09 Dynamic Cultural Performances<\/strong><\/span><\/p>\n<ul>\n<li>Traditional ethnic dance showcases<\/li>\n<li>Live African drumming and percussion performances<\/li>\n<\/ul>\n<div class=\"su-row\">\n<div class=\"su-column su-column-size-1-2\"><div class=\"su-column-inner su-u-clearfix su-u-trim\">\n<div align=\"center\"><img decoding=\"async\" src=\"\/wp-content\/uploads\/2025\/12\/act26-Africa-images01.jpg\"><\/div>\n<\/div><\/div>\n<div class=\"su-column su-column-size-1-2\"><div class=\"su-column-inner su-u-clearfix su-u-trim\">\n<div align=\"center\"><img decoding=\"async\" src=\"\/wp-content\/uploads\/2025\/12\/act26-Africa-images02.jpg\"><\/div>\n<\/div><\/div>\n<\/div>\n\u3000<br \/>\n\u3000<br \/>\n<span style=\"color: #5c2905; font-size: 18px;\"><strong>2\uff09 Wonders of Nature &#038; Civilization<\/strong><\/span><\/p>\n<ul>\n<li>4K Ultra HD Screening of \u201cThe Great African Adventure\u201d<\/li>\n<li><img decoding=\"async\" src=\"http:\/\/www.paper-com.com.hk\/images\/icon_hot.gif\"> <a href=\"#XR\" style=\"color: red;\">XR Immersive Experience<\/a><\/li>\n<p>\t<!--\n\n<li><a href=\"http:\/\/www.onlykidshk.com\" target=\"_blank\">How to Participate<\/a><\/li>\n\n-->\n<\/ul>\n<p>\u3000<br \/>\n\u3000<\/p>\n<h3 id=\"XR\" style=\"border-left: 10px solid #ff6900; padding-left: 10px; color: #000;\">Highlights<\/h3>\n<p><span style=\"color: #5c2905; font-size: 18px;\"><strong>\u201cJourney Through Jurassic\u201d VR Immersive Experience<\/strong><\/span><br \/>\n\u3000\u3000Put on the VR headset and you will feel as if you\u2019ve traveled through time, back to the age of dinosaurs millions of years ago, coming face-to-face with these massive and fascinating creatures, experiencing their living environment firsthand.<br \/>\n\u3000<br \/>\n\u3000\u3000We have carefully created multiple dinosaur survival scenes, including a dinosaur fossil museum, dense primeval forests, vast plains, mysterious caves, and shimmering lakes. Each scene is vividly lifelike, making you feel as though you are truly inside the world of dinosaurs. You can see towering ferns and ancient trees, sense the humid air and scorching sunlight, and even hear realistic sound effects such as wind, rain, and dinosaur calls.<br \/>\n\u3000<br \/>\n\u3000\u3000We use the most advanced VR equipment on the market, featuring high resolution, high refresh rate, and low latency, to provide you with a smooth and realistic visual experience.<br \/>\nWhether you are a dinosaur enthusiast, an adventure seeker, or a family looking for a parent-child activity, our VR center will bring you a unique and unforgettable experience.<br \/>\n<div class=\"su-row\">\n<div class=\"su-column su-column-size-1-2\"><div class=\"su-column-inner su-u-clearfix su-u-trim\">\n<div align=\"center\"><img decoding=\"async\" src=\"\/wp-content\/uploads\/2026\/04\/ct26-Africa-images06.png\"><\/div>\n<\/div><\/div>\n<div class=\"su-column su-column-size-1-2\"><div class=\"su-column-inner su-u-clearfix su-u-trim\">\n<div align=\"center\"><img decoding=\"async\" src=\"\/wp-content\/uploads\/2026\/04\/ct26-Africa-images07.png\"><\/div>\n<\/div><\/div>\n<\/div>\n<div class=\"su-youtube su-u-responsive-media-yes\"><iframe width=\"800\" height=\"600\" src=\"https:\/\/www.youtube.com\/embed\/n4jQkvA7Pic?\" frameborder=\"0\" allowfullscreen allow=\"autoplay; encrypted-media; picture-in-picture\" title=\"\"><\/iframe><\/div>\n\u3000<br \/>\n\u3000<br \/>\n<span style=\"color: #5c2905; font-size: 18px;\"><strong>What is XR?<\/strong><\/span><br \/>\nXR, short for Extended Reality, is a collective term for immersive technologies that blend the real and virtual worlds. It includes:<\/p>\n<ul>\n<li>AR (Augmented Reality)<\/li>\n<li>VR (Virtual Reality)<\/li>\n<li>MR (Mixed Reality)<\/li>\n<\/ul>\n<p>XR breaks the boundaries of space and perception, allowing users to interact with virtual content in the real world or enter fully simulated environments\u2014creating unprecedented immersion and engagement.<br \/>\n\u3000<br \/>\n\u3000<br \/>\n<span style=\"color: #5c2905; font-size: 18px;\"><strong>Application Scenarios (XR in Cultural Practice)<\/strong><\/span><br \/>\nXR technology is widely applied in cultural exhibitions, educational training, digital arts, intangible heritage preservation, and smart tourism. Through immersive and interactive experiences, audiences can travel through historical scenes, explore virtual museums, and participate in hybrid creative performances that merge the physical and digital realms.<br \/>\n\u3000<br \/>\nXR not only enhances the expressiveness and engagement of cultural content, but also opens new chapters for the cultural and creative industries. It allows audiences to feel the warmth and depth of culture through interaction, achieving a harmonious fusion of technology and humanity.<\/p>\n<p>\u3000<br \/>\n\u3000<br \/>\n<span style=\"color: #5c2905; font-size: 18px;\"><strong>How to Participate\uff1a<\/strong><\/span><br \/>\nPurchase a ticket to experience the XR immersive interactive virtual scene: \u201cThe Great African Adventure\u201d<br \/>\nTicket Price: HKD160.00 per person<br \/>\n<!--Ticketing Website\uff1a<a href=\"http:\/\/www.onlykidshk.com\" target=\"_blank\">www.onlykidshk.com<\/a>--><br \/>\n\u3000<\/p>\n<h3 style=\"border-left: 10px solid #ff6900; padding-left: 10px; color: #000;\">Sponsorship Program<\/h3>\n<p>We sincerely invite partners from all sectors to support this initiative and join us in promoting cultural exchange and collaboration.<\/p>\n<ul>\n<li>Please download and complete <a href=\"\/down\/China-Africa-Sponsorship-Form.pdf\" target=\"_blank\">the application form<\/a>. Once completed, kindly send it by email to <a href=\"mailto:samueltam@paper-com.com.hk\">samueltam@paper-com.com.hk<\/a>. We will get in touch with you as soon as possible.<\/li>\n<li><a href=\"\/down\/China-Africa-Authorizatio.pdf\" target=\"_blank\">[Authorization Letter]<\/a><\/li>\n<\/ul>\n<p align=\"right\"><a class=\"wp-block-button__link has-white-color has-text-color has-background has-link-color wp-element-button\" href=\"\/en\/act\/\">BACK >><\/a><\/p>\n","protected":false},"excerpt":{"rendered":"<p align=\"right\"><a class=\"wp-block-button__link has-white-color has-text-color has-background has-link-color wp-element-button\" href=\"javascript:history.back()\">Back <\/a><\/p>\n<h3 style=\"border-left: 10px solid #ff6900; padding-left: 10px; color: #000;\">ZIMBABWE INTRODUCTION<\/h3>\n<p align=\"right\"><a class=\"wp-block-button__link has-white-color has-text-color has-background has-link-color wp-element-button\" href=\"javascript:history.back()\">Back <\/a>&hellip;<\/p>","protected":false},"author":1,"featured_media":0,"parent":37,"menu_order":4,"comment_status":"closed","ping_status":"closed","template":"","meta":{"footnotes":"","_links_to":"","_links_to_target":""},"class_list":["post-10165","page","type-page","status-publish","hentry"],"_links":{"self":[{"href":"https:\/\/www.arthkexpo.com\/en\/wp-json\/wp\/v2\/pages\/10165","targetHints":{"allow":["GET"]}}],"collection":[{"href":"https:\/\/www.arthkexpo.com\/en\/wp-json\/wp\/v2\/pages"}],"about":[{"href":"https:\/\/www.arthkexpo.com\/en\/wp-json\/wp\/v2\/types\/page"}],"author":[{"embeddable":true,"href":"https:\/\/www.arthkexpo.com\/en\/wp-json\/wp\/v2\/users\/1"}],"replies":[{"embeddable":true,"href":"https:\/\/www.arthkexpo.com\/en\/wp-json\/wp\/v2\/comments?post=10165"}],"version-history":[{"count":24,"href":"https:\/\/www.arthkexpo.com\/en\/wp-json\/wp\/v2\/pages\/10165\/revisions"}],"predecessor-version":[{"id":10654,"href":"https:\/\/www.arthkexpo.com\/en\/wp-json\/wp\/v2\/pages\/10165\/revisions\/10654"}],"up":[{"embeddable":true,"href":"https:\/\/www.arthkexpo.com\/en\/wp-json\/wp\/v2\/pages\/37"}],"wp:attachment":[{"href":"https:\/\/www.arthkexpo.com\/en\/wp-json\/wp\/v2\/media?parent=10165"}],"curies":[{"name":"wp","href":"https:\/\/api.w.org\/{rel}","templated":true}]}}